{"id":66,"date":"2017-10-25T16:29:25","date_gmt":"2017-10-25T14:29:25","guid":{"rendered":"https:\/\/grupofrentes.com\/?page_id=66"},"modified":"2022-07-30T00:00:23","modified_gmt":"2022-07-29T22:00:23","slug":"politica-de-privacidad-y-cookies","status":"publish","type":"page","link":"https:\/\/grupofrentes.com\/?page_id=66","title":{"rendered":"Pol\u00edtica de privacidad y cookies"},"content":{"rendered":"<div id=\"cs-content\" class=\"cs-content\"><\/div>\n","protected":false},"excerpt":{"rendered":"<p>Aviso legal y pol\u00edticas de protecci\u00f3n de datos&nbsp;&nbsp;Inicio&nbsp;&nbsp;En cumplimiento de lo dispuesto en la Ley 34\/2002, de 11 de julio, de Servicios de la Sociedad de la Informaci\u00f3n y del Comercio electr\u00f3nico, el nombre del titular de esta p\u00e1gina es: &nbsp;Denominaci\u00f3n Social: FRENTES CONSULTORES, S.L. Domicilio Social: Av. Los Peregrinos, 50-14, 24008 LE\u00d3N CIF \/ NIF: B24707846 e-Mail: frentesconsultores@grupofrentes.com Inscrita &#8230; <a href=\"https:\/\/grupofrentes.com\/?page_id=66\" class=\"more-link\">Read More<\/a><\/p>\n","protected":false},"author":1,"featured_media":0,"parent":0,"menu_order":0,"comment_status":"closed","ping_status":"closed","template":"template-blank-8.php","meta":{"_monsterinsights_skip_tracking":false,"_monsterinsights_sitenote_active":false,"_monsterinsights_sitenote_note":"","_monsterinsights_sitenote_category":0,"footnotes":""},"class_list":["post-66","page","type-page","status-publish","hentry","no-post-thumbnail"],"aioseo_notices":[],"_links":{"self":[{"href":"https:\/\/grupofrentes.com\/index.php?rest_route=\/wp\/v2\/pages\/66","targetHints":{"allow":["GET"]}}],"collection":[{"href":"https:\/\/grupofrentes.com\/index.php?rest_route=\/wp\/v2\/pages"}],"about":[{"href":"https:\/\/grupofrentes.com\/index.php?rest_route=\/wp\/v2\/types\/page"}],"author":[{"embeddable":true,"href":"https:\/\/grupofrentes.com\/index.php?rest_route=\/wp\/v2\/users\/1"}],"replies":[{"embeddable":true,"href":"https:\/\/grupofrentes.com\/index.php?rest_route=%2Fwp%2Fv2%2Fcomments&post=66"}],"version-history":[{"count":74,"href":"https:\/\/grupofrentes.com\/index.php?rest_route=\/wp\/v2\/pages\/66\/revisions"}],"predecessor-version":[{"id":375,"href":"https:\/\/grupofrentes.com\/index.php?rest_route=\/wp\/v2\/pages\/66\/revisions\/375"}],"wp:attachment":[{"href":"https:\/\/grupofrentes.com\/index.php?rest_route=%2Fwp%2Fv2%2Fmedia&parent=66"}],"curies":[{"name":"wp","href":"https:\/\/api.w.org\/{rel}","templated":true}]}}